{"id":587,"date":"2023-01-20T16:33:42","date_gmt":"2023-01-20T16:33:42","guid":{"rendered":"https:\/\/hosteriaboulevard.com\/?page_id=587"},"modified":"2025-03-01T02:05:48","modified_gmt":"2025-03-01T02:05:48","slug":"sobre-nosotros","status":"publish","type":"page","link":"https:\/\/hosteriaboulevard.com\/index.php\/sobre-nosotros\/","title":{"rendered":"SOBRE NOSOTROS"},"content":{"rendered":"\t\t<div data-elementor-type=\"wp-page\" data-elementor-id=\"587\" class=\"elementor elementor-587\">\n\t\t\t\t\t\t<section class=\"elementor-section elementor-top-section elementor-element elementor-element-21266fc elementor-section-height-min-height elementor-section-boxed elementor-section-height-default elementor-section-items-middle\" data-id=\"21266fc\" data-element_type=\"section\" data-e-type=\"section\" data-settings=\"{&quot;background_background&quot;:&quot;classic&quot;}\">\n\t\t\t\t\t\t\t<div class=\"elementor-background-overlay\"><\/div>\n\t\t\t\t\t\t\t<div class=\"elementor-container elementor-column-gap-default\">\n\t\t\t\t\t<div class=\"elementor-column elementor-col-100 elementor-top-column elementor-element elementor-element-1a40b6b\" data-id=\"1a40b6b\" data-element_type=\"column\" data-e-type=\"column\">\n\t\t\t<div class=\"elementor-widget-wrap elementor-element-populated\">\n\t\t\t\t\t\t<div class=\"elementor-element elementor-element-59df9df elementor-widget__width-initial elementor-widget elementor-widget-heading\" data-id=\"59df9df\" data-element_type=\"widget\" data-e-type=\"widget\" data-widget_type=\"heading.default\">\n\t\t\t\t<div class=\"elementor-widget-container\">\n\t\t\t\t\t<h2 class=\"elementor-heading-title elementor-size-xl\">SOBRE NOSOTROS<\/h2>\t\t\t\t<\/div>\n\t\t\t\t<\/div>\n\t\t\t\t\t<\/div>\n\t\t<\/div>\n\t\t\t\t\t<\/div>\n\t\t<\/section>\n\t\t\t\t<section class=\"elementor-section elementor-top-section elementor-element elementor-element-1d6a9fb elementor-section-boxed elementor-section-height-default elementor-section-height-default\" data-id=\"1d6a9fb\" data-element_type=\"section\" data-e-type=\"section\">\n\t\t\t\t\t\t<div class=\"elementor-container elementor-column-gap-default\">\n\t\t\t\t\t<div class=\"elementor-column elementor-col-100 elementor-top-column elementor-element elementor-element-dc0afa3\" data-id=\"dc0afa3\" data-element_type=\"column\" data-e-type=\"column\">\n\t\t\t<div class=\"elementor-widget-wrap elementor-element-populated\">\n\t\t\t\t\t\t<div class=\"elementor-element elementor-element-07e0d45 elementor-widget elementor-widget-heading\" data-id=\"07e0d45\" data-element_type=\"widget\" data-e-type=\"widget\" data-widget_type=\"heading.default\">\n\t\t\t\t<div class=\"elementor-widget-container\">\n\t\t\t\t\t<h2 class=\"elementor-heading-title elementor-size-default\">\u00bfQuienes Somos?<\/h2>\t\t\t\t<\/div>\n\t\t\t\t<\/div>\n\t\t\t\t<section class=\"elementor-section elementor-inner-section elementor-element elementor-element-2d7b304 elementor-section-boxed elementor-section-height-default elementor-section-height-default\" data-id=\"2d7b304\" data-element_type=\"section\" data-e-type=\"section\">\n\t\t\t\t\t\t<div class=\"elementor-container elementor-column-gap-default\">\n\t\t\t\t\t<div class=\"elementor-column elementor-col-50 elementor-inner-column elementor-element elementor-element-d2893c5\" data-id=\"d2893c5\" data-element_type=\"column\" data-e-type=\"column\">\n\t\t\t<div class=\"elementor-widget-wrap elementor-element-populated\">\n\t\t\t\t\t\t<div class=\"elementor-element elementor-element-23902d7 elementor-widget elementor-widget-text-editor\" data-id=\"23902d7\" data-element_type=\"widget\" data-e-type=\"widget\" data-widget_type=\"text-editor.default\">\n\t\t\t\t<div class=\"elementor-widget-container\">\n\t\t\t\t\t\t\t\t\t<h5><span style=\"vertical-align: inherit;\"><span style=\"vertical-align: inherit;\">Hosteria Boulevard es un emprendimiento familiar en Villa Mar\u00eda que surge de iniciativas de mentes j\u00f3venes con la premisa de brindar atenci\u00f3n, comodidad y buen trato a los que nos elijan.<\/span><\/span><\/h5><h5><span style=\"vertical-align: inherit;\"><span style=\"vertical-align: inherit;\">si bien la infraestructura no es superior a la de un hotel convencional tratamos que se sientan comodos como en casa y con ganas de volver!<\/span><\/span><\/h5>\t\t\t\t\t\t\t\t<\/div>\n\t\t\t\t<\/div>\n\t\t\t\t\t<\/div>\n\t\t<\/div>\n\t\t\t\t<div class=\"elementor-column elementor-col-50 elementor-inner-column elementor-element elementor-element-ba6881b\" data-id=\"ba6881b\" data-element_type=\"column\" data-e-type=\"column\" data-settings=\"{&quot;background_background&quot;:&quot;classic&quot;}\">\n\t\t\t<div class=\"elementor-widget-wrap\">\n\t\t\t\t\t\t\t<\/div>\n\t\t<\/div>\n\t\t\t\t\t<\/div>\n\t\t<\/section>\n\t\t\t\t\t<\/div>\n\t\t<\/div>\n\t\t\t\t\t<\/div>\n\t\t<\/section>\n\t\t\t\t<\/div>\n\t\t","protected":false},"excerpt":{"rendered":"<p>SOBRE NOSOTROS \u00bfQuienes Somos? Hosteria Boulevard es un emprendimiento familiar en Villa Mar\u00eda que surge de iniciativas de mentes j\u00f3venes con la premisa de brindar atenci\u00f3n, comodidad y buen trato a los que nos elijan. si bien la infraestructura no es superior a la de un hotel convencional tratamos que se sientan comodos como en &hellip;<\/p>\n<p class=\"read-more\"> <a class=\"\" href=\"https:\/\/hosteriaboulevard.com\/index.php\/sobre-nosotros\/\"> <span class=\"screen-reader-text\">SOBRE NOSOTROS<\/span> Leer m\u00e1s &raquo;<\/a><\/p>\n","protected":false},"author":1,"featured_media":0,"parent":0,"menu_order":0,"comment_status":"closed","ping_status":"closed","template":"","meta":{"site-sidebar-layout":"no-sidebar","site-content-layout":"page-builder","ast-global-header-display":"","ast-main-header-display":"","ast-hfb-above-header-display":"","ast-hfb-below-header-display":"","ast-hfb-mobile-header-display":"","site-post-title":"disabled","ast-breadcrumbs-content":"","ast-featured-img":"disabled","footer-sml-layout":"","theme-transparent-header-meta":"","adv-header-id-meta":"","stick-header-meta":"","header-above-stick-meta":"","header-main-stick-meta":"","header-below-stick-meta":"","footnotes":""},"class_list":["post-587","page","type-page","status-publish","hentry"],"yoast_head":"<!-- This site is optimized with the Yoast SEO plugin v26.7 - https:\/\/yoast.com\/wordpress\/plugins\/seo\/ -->\n<title>SOBRE NOSOTROS - Hosteria Boulevard<\/title>\n<meta name=\"robots\" content=\"index, follow, max-snippet:-1, max-image-preview:large, max-video-preview:-1\" \/>\n<link rel=\"canonical\" href=\"https:\/\/hosteriaboulevard.com\/index.php\/sobre-nosotros\/\" \/>\n<meta property=\"og:locale\" content=\"es_ES\" \/>\n<meta property=\"og:type\" content=\"article\" \/>\n<meta property=\"og:title\" content=\"SOBRE NOSOTROS - Hosteria Boulevard\" \/>\n<meta property=\"og:description\" content=\"SOBRE NOSOTROS \u00bfQuienes Somos? Hosteria Boulevard es un emprendimiento familiar en Villa Mar\u00eda que surge de iniciativas de mentes j\u00f3venes con la premisa de brindar atenci\u00f3n, comodidad y buen trato a los que nos elijan. si bien la infraestructura no es superior a la de un hotel convencional tratamos que se sientan comodos como en &hellip; SOBRE NOSOTROS Leer m\u00e1s &raquo;\" \/>\n<meta property=\"og:url\" content=\"https:\/\/hosteriaboulevard.com\/index.php\/sobre-nosotros\/\" \/>\n<meta property=\"og:site_name\" content=\"Hosteria Boulevard\" \/>\n<meta property=\"article:modified_time\" content=\"2025-03-01T02:05:48+00:00\" \/>\n<meta name=\"twitter:card\" content=\"summary_large_image\" \/>\n<script type=\"application\/ld+json\" class=\"yoast-schema-graph\">{\"@context\":\"https:\/\/schema.org\",\"@graph\":[{\"@type\":\"WebPage\",\"@id\":\"https:\/\/hosteriaboulevard.com\/index.php\/sobre-nosotros\/\",\"url\":\"https:\/\/hosteriaboulevard.com\/index.php\/sobre-nosotros\/\",\"name\":\"SOBRE NOSOTROS - Hosteria Boulevard\",\"isPartOf\":{\"@id\":\"https:\/\/hosteriaboulevard.com\/#website\"},\"datePublished\":\"2023-01-20T16:33:42+00:00\",\"dateModified\":\"2025-03-01T02:05:48+00:00\",\"breadcrumb\":{\"@id\":\"https:\/\/hosteriaboulevard.com\/index.php\/sobre-nosotros\/#breadcrumb\"},\"inLanguage\":\"es\",\"potentialAction\":[{\"@type\":\"ReadAction\",\"target\":[\"https:\/\/hosteriaboulevard.com\/index.php\/sobre-nosotros\/\"]}]},{\"@type\":\"BreadcrumbList\",\"@id\":\"https:\/\/hosteriaboulevard.com\/index.php\/sobre-nosotros\/#breadcrumb\",\"itemListElement\":[{\"@type\":\"ListItem\",\"position\":1,\"name\":\"Portada\",\"item\":\"https:\/\/hosteriaboulevard.com\/\"},{\"@type\":\"ListItem\",\"position\":2,\"name\":\"SOBRE NOSOTROS\"}]},{\"@type\":\"WebSite\",\"@id\":\"https:\/\/hosteriaboulevard.com\/#website\",\"url\":\"https:\/\/hosteriaboulevard.com\/\",\"name\":\"Hotel en Villa Mar\u00eda - Hosteria Boulevard\",\"description\":\"Villa Mar\u00eda\",\"publisher\":{\"@id\":\"https:\/\/hosteriaboulevard.com\/#organization\"},\"potentialAction\":[{\"@type\":\"SearchAction\",\"target\":{\"@type\":\"EntryPoint\",\"urlTemplate\":\"https:\/\/hosteriaboulevard.com\/?s={search_term_string}\"},\"query-input\":{\"@type\":\"PropertyValueSpecification\",\"valueRequired\":true,\"valueName\":\"search_term_string\"}}],\"inLanguage\":\"es\"},{\"@type\":\"Organization\",\"@id\":\"https:\/\/hosteriaboulevard.com\/#organization\",\"name\":\"Hotel Hosteria Boulevard\",\"url\":\"https:\/\/hosteriaboulevard.com\/\",\"logo\":{\"@type\":\"ImageObject\",\"inLanguage\":\"es\",\"@id\":\"https:\/\/hosteriaboulevard.com\/#\/schema\/logo\/image\/\",\"url\":\"https:\/\/hosteriaboulevard.com\/wp-content\/uploads\/2023\/01\/HOSTERIA-3.png\",\"contentUrl\":\"https:\/\/hosteriaboulevard.com\/wp-content\/uploads\/2023\/01\/HOSTERIA-3.png\",\"width\":500,\"height\":500,\"caption\":\"Hotel Hosteria Boulevard\"},\"image\":{\"@id\":\"https:\/\/hosteriaboulevard.com\/#\/schema\/logo\/image\/\"},\"sameAs\":[\"https:\/\/www.instagram.com\/hosteriaboulevard\/\"]}]}<\/script>\n<!-- \/ Yoast SEO plugin. -->","yoast_head_json":{"title":"SOBRE NOSOTROS - Hosteria Boulevard","robots":{"index":"index","follow":"follow","max-snippet":"max-snippet:-1","max-image-preview":"max-image-preview:large","max-video-preview":"max-video-preview:-1"},"canonical":"https:\/\/hosteriaboulevard.com\/index.php\/sobre-nosotros\/","og_locale":"es_ES","og_type":"article","og_title":"SOBRE NOSOTROS - Hosteria Boulevard","og_description":"SOBRE NOSOTROS \u00bfQuienes Somos? Hosteria Boulevard es un emprendimiento familiar en Villa Mar\u00eda que surge de iniciativas de mentes j\u00f3venes con la premisa de brindar atenci\u00f3n, comodidad y buen trato a los que nos elijan. si bien la infraestructura no es superior a la de un hotel convencional tratamos que se sientan comodos como en &hellip; SOBRE NOSOTROS Leer m\u00e1s &raquo;","og_url":"https:\/\/hosteriaboulevard.com\/index.php\/sobre-nosotros\/","og_site_name":"Hosteria Boulevard","article_modified_time":"2025-03-01T02:05:48+00:00","twitter_card":"summary_large_image","schema":{"@context":"https:\/\/schema.org","@graph":[{"@type":"WebPage","@id":"https:\/\/hosteriaboulevard.com\/index.php\/sobre-nosotros\/","url":"https:\/\/hosteriaboulevard.com\/index.php\/sobre-nosotros\/","name":"SOBRE NOSOTROS - Hosteria Boulevard","isPartOf":{"@id":"https:\/\/hosteriaboulevard.com\/#website"},"datePublished":"2023-01-20T16:33:42+00:00","dateModified":"2025-03-01T02:05:48+00:00","breadcrumb":{"@id":"https:\/\/hosteriaboulevard.com\/index.php\/sobre-nosotros\/#breadcrumb"},"inLanguage":"es","potentialAction":[{"@type":"ReadAction","target":["https:\/\/hosteriaboulevard.com\/index.php\/sobre-nosotros\/"]}]},{"@type":"BreadcrumbList","@id":"https:\/\/hosteriaboulevard.com\/index.php\/sobre-nosotros\/#breadcrumb","itemListElement":[{"@type":"ListItem","position":1,"name":"Portada","item":"https:\/\/hosteriaboulevard.com\/"},{"@type":"ListItem","position":2,"name":"SOBRE NOSOTROS"}]},{"@type":"WebSite","@id":"https:\/\/hosteriaboulevard.com\/#website","url":"https:\/\/hosteriaboulevard.com\/","name":"Hotel en Villa Mar\u00eda - Hosteria Boulevard","description":"Villa Mar\u00eda","publisher":{"@id":"https:\/\/hosteriaboulevard.com\/#organization"},"potentialAction":[{"@type":"SearchAction","target":{"@type":"EntryPoint","urlTemplate":"https:\/\/hosteriaboulevard.com\/?s={search_term_string}"},"query-input":{"@type":"PropertyValueSpecification","valueRequired":true,"valueName":"search_term_string"}}],"inLanguage":"es"},{"@type":"Organization","@id":"https:\/\/hosteriaboulevard.com\/#organization","name":"Hotel Hosteria Boulevard","url":"https:\/\/hosteriaboulevard.com\/","logo":{"@type":"ImageObject","inLanguage":"es","@id":"https:\/\/hosteriaboulevard.com\/#\/schema\/logo\/image\/","url":"https:\/\/hosteriaboulevard.com\/wp-content\/uploads\/2023\/01\/HOSTERIA-3.png","contentUrl":"https:\/\/hosteriaboulevard.com\/wp-content\/uploads\/2023\/01\/HOSTERIA-3.png","width":500,"height":500,"caption":"Hotel Hosteria Boulevard"},"image":{"@id":"https:\/\/hosteriaboulevard.com\/#\/schema\/logo\/image\/"},"sameAs":["https:\/\/www.instagram.com\/hosteriaboulevard\/"]}]}},"_links":{"self":[{"href":"https:\/\/hosteriaboulevard.com\/index.php\/wp-json\/wp\/v2\/pages\/587","targetHints":{"allow":["GET"]}}],"collection":[{"href":"https:\/\/hosteriaboulevard.com\/index.php\/wp-json\/wp\/v2\/pages"}],"about":[{"href":"https:\/\/hosteriaboulevard.com\/index.php\/wp-json\/wp\/v2\/types\/page"}],"author":[{"embeddable":true,"href":"https:\/\/hosteriaboulevard.com\/index.php\/wp-json\/wp\/v2\/users\/1"}],"replies":[{"embeddable":true,"href":"https:\/\/hosteriaboulevard.com\/index.php\/wp-json\/wp\/v2\/comments?post=587"}],"version-history":[{"count":45,"href":"https:\/\/hosteriaboulevard.com\/index.php\/wp-json\/wp\/v2\/pages\/587\/revisions"}],"predecessor-version":[{"id":965,"href":"https:\/\/hosteriaboulevard.com\/index.php\/wp-json\/wp\/v2\/pages\/587\/revisions\/965"}],"wp:attachment":[{"href":"https:\/\/hosteriaboulevard.com\/index.php\/wp-json\/wp\/v2\/media?parent=587"}],"curies":[{"name":"wp","href":"https:\/\/api.w.org\/{rel}","templated":true}]}}